{"id":507,"date":"2024-11-17T16:11:50","date_gmt":"2024-11-17T15:11:50","guid":{"rendered":"https:\/\/www.clinicaimagina.com.bo\/especialidades\/estetica-dental\/"},"modified":"2024-11-28T18:59:57","modified_gmt":"2024-11-28T17:59:57","slug":"estetica-dental","status":"publish","type":"page","link":"https:\/\/www.clinicaimagina.com.bo\/en\/especialidades\/estetica-dental\/","title":{"rendered":"Dental Aesthetics"},"content":{"rendered":"<div data-elementor-type=\"wp-page\" data-elementor-id=\"507\" class=\"elementor elementor-507\" data-elementor-post-type=\"page\">\n\t\t\t\t<div class=\"elementor-element elementor-element-e6fe330 e-con-full e-flex e-con e-parent\" data-id=\"e6fe330\" data-element_type=\"container\" data-settings=\"{&quot;background_background&quot;:&quot;classic&quot;}\">\n\t\t\t\t<div class=\"elementor-element elementor-element-3fce9b0 elementor-widget elementor-widget-image\" data-id=\"3fce9b0\" data-element_type=\"widget\" data-widget_type=\"image.default\">\n\t\t\t\t<div class=\"elementor-widget-container\">\n\t\t\t\t\t\t\t\t\t\t\t\t\t<img fetchpriority=\"high\" decoding=\"async\" width=\"1422\" height=\"250\" src=\"https:\/\/www.clinicaimagina.com.bo\/wp-content\/uploads\/2024\/11\/header-estetica-dental.jpg\" class=\"attachment-full size-full wp-image-585\" alt=\"\" srcset=\"https:\/\/www.clinicaimagina.com.bo\/wp-content\/uploads\/2024\/11\/header-estetica-dental.jpg 1422w, https:\/\/www.clinicaimagina.com.bo\/wp-content\/uploads\/2024\/11\/header-estetica-dental-300x53.jpg 300w, https:\/\/www.clinicaimagina.com.bo\/wp-content\/uploads\/2024\/11\/header-estetica-dental-1024x180.jpg 1024w, https:\/\/www.clinicaimagina.com.bo\/wp-content\/uploads\/2024\/11\/header-estetica-dental-768x135.jpg 768w\" sizes=\"(max-width: 1422px) 100vw, 1422px\" \/>\t\t\t\t\t\t\t\t\t\t\t\t\t<\/div>\n\t\t\t\t<\/div>\n\t\t\t\t<\/div>\n\t\t<div class=\"elementor-element elementor-element-ff8733f e-flex e-con-boxed e-con e-parent\" data-id=\"ff8733f\" data-element_type=\"container\">\n\t\t\t\t\t<div class=\"e-con-inner\">\n\t\t\t\t<div class=\"elementor-element elementor-element-fadb51b elementor-arrows-position-inside elementor-widget elementor-widget-image-carousel\" data-id=\"fadb51b\" data-element_type=\"widget\" data-settings=\"{&quot;slides_to_show&quot;:&quot;1&quot;,&quot;navigation&quot;:&quot;arrows&quot;,&quot;autoplay&quot;:&quot;yes&quot;,&quot;pause_on_hover&quot;:&quot;yes&quot;,&quot;pause_on_interaction&quot;:&quot;yes&quot;,&quot;autoplay_speed&quot;:5000,&quot;infinite&quot;:&quot;yes&quot;,&quot;effect&quot;:&quot;slide&quot;,&quot;speed&quot;:500}\" data-widget_type=\"image-carousel.default\">\n\t\t\t\t<div class=\"elementor-widget-container\">\n\t\t\t\t\t<div class=\"elementor-image-carousel-wrapper swiper\" dir=\"ltr\">\n\t\t\t<div class=\"elementor-image-carousel swiper-wrapper\" aria-live=\"off\">\n\t\t\t\t\t\t\t\t<div class=\"swiper-slide\" role=\"group\" aria-roledescription=\"slide\" aria-label=\"1 de 3\"><figure class=\"swiper-slide-inner\"><img decoding=\"async\" class=\"swiper-slide-image\" src=\"https:\/\/www.clinicaimagina.com.bo\/wp-content\/uploads\/2024\/11\/ed01.jpg\" alt=\"ed01\" \/><\/figure><\/div><div class=\"swiper-slide\" role=\"group\" aria-roledescription=\"slide\" aria-label=\"2 de 3\"><figure class=\"swiper-slide-inner\"><img decoding=\"async\" class=\"swiper-slide-image\" src=\"https:\/\/www.clinicaimagina.com.bo\/wp-content\/uploads\/2024\/11\/ed02.jpg\" alt=\"ed02\" \/><\/figure><\/div><div class=\"swiper-slide\" role=\"group\" aria-roledescription=\"slide\" aria-label=\"3 de 3\"><figure class=\"swiper-slide-inner\"><img decoding=\"async\" class=\"swiper-slide-image\" src=\"https:\/\/www.clinicaimagina.com.bo\/wp-content\/uploads\/2024\/11\/ed03.jpg\" alt=\"ed03\" \/><\/figure><\/div>\t\t\t<\/div>\n\t\t\t\t\t\t\t\t\t\t\t\t<div class=\"elementor-swiper-button elementor-swiper-button-prev\" role=\"button\" tabindex=\"0\">\n\t\t\t\t\t\t<svg aria-hidden=\"true\" class=\"e-font-icon-svg e-eicon-chevron-left\" viewbox=\"0 0 1000 1000\" xmlns=\"http:\/\/www.w3.org\/2000\/svg\"><path d=\"M646 125C629 125 613 133 604 142L308 442C296 454 292 471 292 487 292 504 296 521 308 533L604 854C617 867 629 875 646 875 663 875 679 871 692 858 704 846 713 829 713 812 713 796 708 779 692 767L438 487 692 225C700 217 708 204 708 187 708 171 704 154 692 142 675 129 663 125 646 125Z\"><\/path><\/svg>\t\t\t\t\t<\/div>\n\t\t\t\t\t<div class=\"elementor-swiper-button elementor-swiper-button-next\" role=\"button\" tabindex=\"0\">\n\t\t\t\t\t\t<svg aria-hidden=\"true\" class=\"e-font-icon-svg e-eicon-chevron-right\" viewbox=\"0 0 1000 1000\" xmlns=\"http:\/\/www.w3.org\/2000\/svg\"><path d=\"M696 533C708 521 713 504 713 487 713 471 708 454 696 446L400 146C388 133 375 125 354 125 338 125 325 129 313 142 300 154 292 171 292 187 292 204 296 221 308 233L563 492 304 771C292 783 288 800 288 817 288 833 296 850 308 863 321 871 338 875 354 875 371 875 388 867 400 854L696 533Z\"><\/path><\/svg>\t\t\t\t\t<\/div>\n\t\t\t\t\n\t\t\t\t\t\t\t\t\t<\/div>\n\t\t\t\t<\/div>\n\t\t\t\t<\/div>\n\t\t\t\t\t<\/div>\n\t\t\t\t<\/div>\n\t\t<div class=\"elementor-element elementor-element-f4a884a e-flex e-con-boxed e-con e-parent\" data-id=\"f4a884a\" data-element_type=\"container\">\n\t\t\t\t\t<div class=\"e-con-inner\">\n\t\t\t\t<div class=\"elementor-element elementor-element-dce38d0 elementor-widget elementor-widget-text-editor\" data-id=\"dce38d0\" data-element_type=\"widget\" data-widget_type=\"text-editor.default\">\n\t\t\t\t<div class=\"elementor-widget-container\">\n\t\t\t\t\t\t\t<p>Dental aesthetics is a specialty of dentistry that focuses on improving the appearance of the smile by harmonizing the teeth, gums, and other facial elements. Its goal is to achieve an attractive and natural smile while maintaining dental functionality.<\/p><p>Dental aesthetics includes treatments such as teeth whitening, which lightens the color of the teeth; porcelain or composite veneers, which correct size, shape, and color; dental resin for discreet restorations; and gum reshaping, which adjusts the gum line to improve the proportion between teeth and gums. These treatments help enhance the confidence and overall aesthetics of patients.<\/p>\t\t\t\t\t\t<\/div>\n\t\t\t\t<\/div>\n\t\t\t\t\t<\/div>\n\t\t\t\t<\/div>\n\t\t\t\t<\/div>","protected":false},"excerpt":{"rendered":"<p>La est\u00e9tica dental es una especialidad de la odontolog\u00eda que se enfoca en mejorar la apariencia de la sonrisa, armonizando dientes, enc\u00edas y otros elementos faciales. Su objetivo es lograr una sonrisa atractiva y natural, manteniendo tambi\u00e9n la funcionalidad dental. Dentro de la est\u00e9tica dental se incluyen tratamientos como el blanqueamiento dental, que aclara el [&hellip;]<\/p>","protected":false},"author":2,"featured_media":0,"parent":481,"menu_order":0,"comment_status":"closed","ping_status":"closed","template":"","meta":{"footnotes":""},"class_list":["post-507","page","type-page","status-publish","hentry"],"_links":{"self":[{"href":"https:\/\/www.clinicaimagina.com.bo\/en\/wp-json\/wp\/v2\/pages\/507","targetHints":{"allow":["GET"]}}],"collection":[{"href":"https:\/\/www.clinicaimagina.com.bo\/en\/wp-json\/wp\/v2\/pages"}],"about":[{"href":"https:\/\/www.clinicaimagina.com.bo\/en\/wp-json\/wp\/v2\/types\/page"}],"author":[{"embeddable":true,"href":"https:\/\/www.clinicaimagina.com.bo\/en\/wp-json\/wp\/v2\/users\/2"}],"replies":[{"embeddable":true,"href":"https:\/\/www.clinicaimagina.com.bo\/en\/wp-json\/wp\/v2\/comments?post=507"}],"version-history":[{"count":9,"href":"https:\/\/www.clinicaimagina.com.bo\/en\/wp-json\/wp\/v2\/pages\/507\/revisions"}],"predecessor-version":[{"id":818,"href":"https:\/\/www.clinicaimagina.com.bo\/en\/wp-json\/wp\/v2\/pages\/507\/revisions\/818"}],"up":[{"embeddable":true,"href":"https:\/\/www.clinicaimagina.com.bo\/en\/wp-json\/wp\/v2\/pages\/481"}],"wp:attachment":[{"href":"https:\/\/www.clinicaimagina.com.bo\/en\/wp-json\/wp\/v2\/media?parent=507"}],"curies":[{"name":"wp","href":"https:\/\/api.w.org\/{rel}","templated":true}]}}