{"id":508,"date":"2024-11-17T16:11:50","date_gmt":"2024-11-17T15:11:50","guid":{"rendered":"https:\/\/www.clinicaimagina.com.bo\/especialidades\/periodoncia\/"},"modified":"2024-11-28T19:00:09","modified_gmt":"2024-11-28T18:00:09","slug":"periodoncia","status":"publish","type":"page","link":"https:\/\/www.clinicaimagina.com.bo\/en\/especialidades\/periodoncia\/","title":{"rendered":"Periodontics"},"content":{"rendered":"<div data-elementor-type=\"wp-page\" data-elementor-id=\"508\" class=\"elementor elementor-508\" data-elementor-post-type=\"page\">\n\t\t\t\t<div class=\"elementor-element elementor-element-56ecb00 e-con-full e-flex e-con e-parent\" data-id=\"56ecb00\" data-element_type=\"container\" data-settings=\"{&quot;background_background&quot;:&quot;classic&quot;}\">\n\t\t\t\t<div class=\"elementor-element elementor-element-110f996 elementor-widget elementor-widget-image\" data-id=\"110f996\" data-element_type=\"widget\" data-widget_type=\"image.default\">\n\t\t\t\t<div class=\"elementor-widget-container\">\n\t\t\t\t\t\t\t\t\t\t\t\t\t<img fetchpriority=\"high\" decoding=\"async\" width=\"1422\" height=\"250\" src=\"https:\/\/www.clinicaimagina.com.bo\/wp-content\/uploads\/2024\/11\/header-periodoncia.jpg\" class=\"attachment-full size-full wp-image-639\" alt=\"\" srcset=\"https:\/\/www.clinicaimagina.com.bo\/wp-content\/uploads\/2024\/11\/header-periodoncia.jpg 1422w, https:\/\/www.clinicaimagina.com.bo\/wp-content\/uploads\/2024\/11\/header-periodoncia-300x53.jpg 300w, https:\/\/www.clinicaimagina.com.bo\/wp-content\/uploads\/2024\/11\/header-periodoncia-1024x180.jpg 1024w, https:\/\/www.clinicaimagina.com.bo\/wp-content\/uploads\/2024\/11\/header-periodoncia-768x135.jpg 768w\" sizes=\"(max-width: 1422px) 100vw, 1422px\" \/>\t\t\t\t\t\t\t\t\t\t\t\t\t<\/div>\n\t\t\t\t<\/div>\n\t\t\t\t<\/div>\n\t\t<div class=\"elementor-element elementor-element-e5503c3 e-flex e-con-boxed e-con e-parent\" data-id=\"e5503c3\" data-element_type=\"container\">\n\t\t\t\t\t<div class=\"e-con-inner\">\n\t\t\t\t<div class=\"elementor-element elementor-element-d6aa50e elementor-arrows-position-inside elementor-widget elementor-widget-image-carousel\" data-id=\"d6aa50e\" data-element_type=\"widget\" data-settings=\"{&quot;slides_to_show&quot;:&quot;1&quot;,&quot;navigation&quot;:&quot;arrows&quot;,&quot;autoplay&quot;:&quot;yes&quot;,&quot;pause_on_hover&quot;:&quot;yes&quot;,&quot;pause_on_interaction&quot;:&quot;yes&quot;,&quot;autoplay_speed&quot;:5000,&quot;infinite&quot;:&quot;yes&quot;,&quot;effect&quot;:&quot;slide&quot;,&quot;speed&quot;:500}\" data-widget_type=\"image-carousel.default\">\n\t\t\t\t<div class=\"elementor-widget-container\">\n\t\t\t\t\t<div class=\"elementor-image-carousel-wrapper swiper\" dir=\"ltr\">\n\t\t\t<div class=\"elementor-image-carousel swiper-wrapper\" aria-live=\"off\">\n\t\t\t\t\t\t\t\t<div class=\"swiper-slide\" role=\"group\" aria-roledescription=\"slide\" aria-label=\"1 de 3\" data-no-translation-aria-label=\"\"><figure class=\"swiper-slide-inner\"><img decoding=\"async\" class=\"swiper-slide-image\" src=\"https:\/\/www.clinicaimagina.com.bo\/wp-content\/uploads\/2024\/11\/pe01.jpg\" alt=\"pe01\" \/><\/figure><\/div><div class=\"swiper-slide\" role=\"group\" aria-roledescription=\"slide\" aria-label=\"2 de 3\" data-no-translation-aria-label=\"\"><figure class=\"swiper-slide-inner\"><img decoding=\"async\" class=\"swiper-slide-image\" src=\"https:\/\/www.clinicaimagina.com.bo\/wp-content\/uploads\/2024\/11\/pe02.jpg\" alt=\"pe02\" \/><\/figure><\/div><div class=\"swiper-slide\" role=\"group\" aria-roledescription=\"slide\" aria-label=\"3 de 3\" data-no-translation-aria-label=\"\"><figure class=\"swiper-slide-inner\"><img decoding=\"async\" class=\"swiper-slide-image\" src=\"https:\/\/www.clinicaimagina.com.bo\/wp-content\/uploads\/2024\/11\/pe03.jpg\" alt=\"pe03\" \/><\/figure><\/div>\t\t\t<\/div>\n\t\t\t\t\t\t\t\t\t\t\t\t<div class=\"elementor-swiper-button elementor-swiper-button-prev\" role=\"button\" tabindex=\"0\">\n\t\t\t\t\t\t<svg aria-hidden=\"true\" class=\"e-font-icon-svg e-eicon-chevron-left\" viewbox=\"0 0 1000 1000\" xmlns=\"http:\/\/www.w3.org\/2000\/svg\"><path d=\"M646 125C629 125 613 133 604 142L308 442C296 454 292 471 292 487 292 504 296 521 308 533L604 854C617 867 629 875 646 875 663 875 679 871 692 858 704 846 713 829 713 812 713 796 708 779 692 767L438 487 692 225C700 217 708 204 708 187 708 171 704 154 692 142 675 129 663 125 646 125Z\"><\/path><\/svg>\t\t\t\t\t<\/div>\n\t\t\t\t\t<div class=\"elementor-swiper-button elementor-swiper-button-next\" role=\"button\" tabindex=\"0\">\n\t\t\t\t\t\t<svg aria-hidden=\"true\" class=\"e-font-icon-svg e-eicon-chevron-right\" viewbox=\"0 0 1000 1000\" xmlns=\"http:\/\/www.w3.org\/2000\/svg\"><path d=\"M696 533C708 521 713 504 713 487 713 471 708 454 696 446L400 146C388 133 375 125 354 125 338 125 325 129 313 142 300 154 292 171 292 187 292 204 296 221 308 233L563 492 304 771C292 783 288 800 288 817 288 833 296 850 308 863 321 871 338 875 354 875 371 875 388 867 400 854L696 533Z\"><\/path><\/svg>\t\t\t\t\t<\/div>\n\t\t\t\t\n\t\t\t\t\t\t\t\t\t<\/div>\n\t\t\t\t<\/div>\n\t\t\t\t<\/div>\n\t\t\t\t\t<\/div>\n\t\t\t\t<\/div>\n\t\t<div class=\"elementor-element elementor-element-62a2613 e-flex e-con-boxed e-con e-parent\" data-id=\"62a2613\" data-element_type=\"container\">\n\t\t\t\t\t<div class=\"e-con-inner\">\n\t\t\t\t<div class=\"elementor-element elementor-element-2b0154c elementor-widget elementor-widget-text-editor\" data-id=\"2b0154c\" data-element_type=\"widget\" data-widget_type=\"text-editor.default\">\n\t\t\t\t<div class=\"elementor-widget-container\">\n\t\t\t\t\t\t\t<p>La periodoncia es una especialidad de la odontolog\u00eda que se dedica a la prevenci\u00f3n, diagn\u00f3stico y tratamiento de enfermedades que afectan los tejidos de soporte de los dientes, como las enc\u00edas y el hueso alveolar. Su objetivo es preservar la salud de las enc\u00edas y el hueso, evitando la p\u00e9rdida dental y promoviendo una sonrisa saludable.<\/p><p>Dentro de los tratamientos de periodoncia se incluyen la limpieza profunda (raspado y alisado radicular), que elimina el sarro y bacterias de las ra\u00edces dentales; la cirug\u00eda periodontal para regenerar tejido perdido; el injerto de enc\u00eda para tratar enc\u00edas retra\u00eddas; y el mantenimiento periodontal, que previene la reaparici\u00f3n de enfermedades. Estos tratamientos ayudan a mantener una base s\u00f3lida para una buena salud bucal a largo plazo.<\/p>\t\t\t\t\t\t<\/div>\n\t\t\t\t<\/div>\n\t\t\t\t\t<\/div>\n\t\t\t\t<\/div>\n\t\t\t\t<\/div>","protected":false},"excerpt":{"rendered":"<p>La periodoncia es una especialidad de la odontolog\u00eda que se dedica a la prevenci\u00f3n, diagn\u00f3stico y tratamiento de enfermedades que afectan los tejidos de soporte de los dientes, como las enc\u00edas y el hueso alveolar. Su objetivo es preservar la salud de las enc\u00edas y el hueso, evitando la p\u00e9rdida dental y promoviendo una sonrisa [&hellip;]<\/p>","protected":false},"author":2,"featured_media":0,"parent":481,"menu_order":0,"comment_status":"closed","ping_status":"closed","template":"","meta":{"footnotes":""},"class_list":["post-508","page","type-page","status-publish","hentry"],"_links":{"self":[{"href":"https:\/\/www.clinicaimagina.com.bo\/en\/wp-json\/wp\/v2\/pages\/508","targetHints":{"allow":["GET"]}}],"collection":[{"href":"https:\/\/www.clinicaimagina.com.bo\/en\/wp-json\/wp\/v2\/pages"}],"about":[{"href":"https:\/\/www.clinicaimagina.com.bo\/en\/wp-json\/wp\/v2\/types\/page"}],"author":[{"embeddable":true,"href":"https:\/\/www.clinicaimagina.com.bo\/en\/wp-json\/wp\/v2\/users\/2"}],"replies":[{"embeddable":true,"href":"https:\/\/www.clinicaimagina.com.bo\/en\/wp-json\/wp\/v2\/comments?post=508"}],"version-history":[{"count":10,"href":"https:\/\/www.clinicaimagina.com.bo\/en\/wp-json\/wp\/v2\/pages\/508\/revisions"}],"predecessor-version":[{"id":821,"href":"https:\/\/www.clinicaimagina.com.bo\/en\/wp-json\/wp\/v2\/pages\/508\/revisions\/821"}],"up":[{"embeddable":true,"href":"https:\/\/www.clinicaimagina.com.bo\/en\/wp-json\/wp\/v2\/pages\/481"}],"wp:attachment":[{"href":"https:\/\/www.clinicaimagina.com.bo\/en\/wp-json\/wp\/v2\/media?parent=508"}],"curies":[{"name":"wp","href":"https:\/\/api.w.org\/{rel}","templated":true}]}}